{"id":774,"date":"2021-02-09T20:19:50","date_gmt":"2021-02-09T19:19:50","guid":{"rendered":"http:\/\/architecture-interiors.eu\/?page_id=774"},"modified":"2021-02-24T12:57:07","modified_gmt":"2021-02-24T11:57:07","slug":"klasyka-architektury-wspolczesnej","status":"publish","type":"page","link":"http:\/\/architecture-interiors.eu\/pl\/realizacje\/klasyka-architektury-wspolczesnej\/","title":{"rendered":"Klasyka architektury wsp\u00f3\u0142czesnej"},"content":{"rendered":"\n<hr class=\"wp-block-separator\"\/>\n\n\n\n<div class=\"wp-block-columns is-layout-flex wp-container-core-columns-is-layout-9d6595d7 wp-block-columns-is-layout-flex\">\n<div class=\"wp-block-column is-layout-flow wp-block-column-is-layout-flow\">\n\t\t\t\n    <style type=\"text\/css\">\n        .slider-info-783.bafg-slider-info .bafg-slider-title {\n                            font-size:\n                    22px                ;\n            \n            \n                    }\n\n        .slider-info-783.bafg-slider-info .bafg-slider-description {\n            \n            \n                    }\n\n        .slider-info-783.bafg-slider-info .bafg_slider_readmore_button {\n            \n            \n            \n            \n            \n            text-align: center;\n\n            \n            \n            \n            \n            \n            \n                    }\n\n        .slider-info-783.bafg-slider-info .bafg_slider_readmore_button:hover {\n\n            \n            \n                    }\n    <\/style>\n    \n\t\t\t<div class=\"bafg-twentytwenty-container slider-783  \"\n\t\t\t\tbafg-orientation=\"horizontal\" bafg-default-offset=\"0.2\"\n\t\t\t\tbafg-before-label=\"Przed\"\n\t\t\t\tbafg-after-label=\"Po\" bafg-overlay=\"1\"\n\t\t\t\tbafg-move-slider-on-hover=\"\"\n\t\t\t\tbafg-click-to-move=\"\">\n\n\t\t\t\t\t\t\t\t<img class=\"\" \t\t\t\t\tsrc=\"http:\/\/architecture-interiors.eu\/wp-content\/uploads\/2021\/02\/l2-1.jpg\" alt=\"\">\n\t\t\t\t<img class=\"\" \t\t\t\t\tsrc=\"http:\/\/architecture-interiors.eu\/wp-content\/uploads\/2021\/02\/l1-1.jpg\" alt=\"\">\n\n\t\t\t<\/div>\n\n\t\t\t    <div class=\"bafg-slider-info-wraper\">\n        <div style=\"\" class=\"slider-info-783 bafg-slider-info\">\n                    <\/div>\n    <\/div>\n    \n\t\t\t<style type=\"text\/css\">\n\t\t\t\t\t\t\t\t\t\t\t<\/style>\n\t\t\t\n\n\n\n<p class=\"has-text-align-center\">Nowa wersja \u0142azienki.<\/p>\n<\/div>\n\n\n\n<div class=\"wp-block-column is-layout-flow wp-block-column-is-layout-flow\">\n\t\t\t\n    <style type=\"text\/css\">\n        .slider-info-816.bafg-slider-info .bafg-slider-title {\n                            font-size:\n                    22px                ;\n            \n            \n                    }\n\n        .slider-info-816.bafg-slider-info .bafg-slider-description {\n            \n            \n                    }\n\n        .slider-info-816.bafg-slider-info .bafg_slider_readmore_button {\n            \n            \n            \n            \n            \n            text-align: center;\n\n            \n            \n            \n            \n            \n            \n                    }\n\n        .slider-info-816.bafg-slider-info .bafg_slider_readmore_button:hover {\n\n            \n            \n                    }\n    <\/style>\n    \n\t\t\t<div class=\"bafg-twentytwenty-container slider-816  \"\n\t\t\t\tbafg-orientation=\"horizontal\" bafg-default-offset=\"0.2\"\n\t\t\t\tbafg-before-label=\"Przed\"\n\t\t\t\tbafg-after-label=\"Po\" bafg-overlay=\"1\"\n\t\t\t\tbafg-move-slider-on-hover=\"\"\n\t\t\t\tbafg-click-to-move=\"\">\n\n\t\t\t\t\t\t\t\t<img class=\"\" \t\t\t\t\tsrc=\"http:\/\/architecture-interiors.eu\/wp-content\/uploads\/2021\/02\/bb1.jpg\" alt=\"\">\n\t\t\t\t<img class=\"\" \t\t\t\t\tsrc=\"http:\/\/architecture-interiors.eu\/wp-content\/uploads\/2021\/02\/bb2.jpg\" alt=\"\">\n\n\t\t\t<\/div>\n\n\t\t\t    <div class=\"bafg-slider-info-wraper\">\n        <div style=\"\" class=\"slider-info-816 bafg-slider-info\">\n                    <\/div>\n    <\/div>\n    \n\t\t\t<style type=\"text\/css\">\n\t\t\t\t\t\t\t\t\t\t\t<\/style>\n\t\t\t\n\n\n\n<p class=\"has-text-align-center\">Biblioteka z ukrytym przej\u015bciem.<\/p>\n<\/div>\n\n\n\n<div class=\"wp-block-column is-layout-flow wp-block-column-is-layout-flow\">\n\t\t\t\n    <style type=\"text\/css\">\n        .slider-info-821.bafg-slider-info .bafg-slider-title {\n                            font-size:\n                    22px                ;\n            \n            \n                    }\n\n        .slider-info-821.bafg-slider-info .bafg-slider-description {\n            \n            \n                    }\n\n        .slider-info-821.bafg-slider-info .bafg_slider_readmore_button {\n            \n            \n            \n            \n            \n            text-align: center;\n\n            \n            \n            \n            \n            \n            \n                    }\n\n        .slider-info-821.bafg-slider-info .bafg_slider_readmore_button:hover {\n\n            \n            \n                    }\n    <\/style>\n    \n\t\t\t<div class=\"bafg-twentytwenty-container slider-821  \"\n\t\t\t\tbafg-orientation=\"horizontal\" bafg-default-offset=\"0.2\"\n\t\t\t\tbafg-before-label=\"Zamkni\u0119te\"\n\t\t\t\tbafg-after-label=\"Otwarte\" bafg-overlay=\"1\"\n\t\t\t\tbafg-move-slider-on-hover=\"\"\n\t\t\t\tbafg-click-to-move=\"\">\n\n\t\t\t\t\t\t\t\t<img class=\"\" \t\t\t\t\tsrc=\"http:\/\/architecture-interiors.eu\/wp-content\/uploads\/2021\/02\/bb2.jpg\" alt=\"\">\n\t\t\t\t<img class=\"\" \t\t\t\t\tsrc=\"http:\/\/architecture-interiors.eu\/wp-content\/uploads\/2021\/02\/bb3.jpg\" alt=\"\">\n\n\t\t\t<\/div>\n\n\t\t\t    <div class=\"bafg-slider-info-wraper\">\n        <div style=\"\" class=\"slider-info-821 bafg-slider-info\">\n                    <\/div>\n    <\/div>\n    \n\t\t\t<style type=\"text\/css\">\n\t\t\t\t\t\t\t\t\t\t\t<\/style>\n\t\t\t\n\n\n\n<p class=\"has-text-align-center\">Biblioteka z ukrytym przej\u015bciem.<\/p>\n<\/div>\n<\/div>\n\n\n\n<h2 class=\"wp-block-heading\"><\/h2>\n\n\n\n\t\t\t\n    <style type=\"text\/css\">\n        .slider-info-808.bafg-slider-info .bafg-slider-title {\n                            font-size:\n                    22px                ;\n            \n            \n                    }\n\n        .slider-info-808.bafg-slider-info .bafg-slider-description {\n            \n            \n                    }\n\n        .slider-info-808.bafg-slider-info .bafg_slider_readmore_button {\n            \n            \n            \n            \n            \n            text-align: center;\n\n            \n            \n            \n            \n            \n            \n                    }\n\n        .slider-info-808.bafg-slider-info .bafg_slider_readmore_button:hover {\n\n            \n            \n                    }\n    <\/style>\n    \n\t\t\t<div class=\"bafg-twentytwenty-container slider-808  \"\n\t\t\t\tbafg-orientation=\"horizontal\" bafg-default-offset=\"0.2\"\n\t\t\t\tbafg-before-label=\"Przed\"\n\t\t\t\tbafg-after-label=\"Po\" bafg-overlay=\"1\"\n\t\t\t\tbafg-move-slider-on-hover=\"\"\n\t\t\t\tbafg-click-to-move=\"\">\n\n\t\t\t\t\t\t\t\t<img class=\"\" \t\t\t\t\tsrc=\"http:\/\/architecture-interiors.eu\/wp-content\/uploads\/2021\/02\/s2-1.jpg\" alt=\"\">\n\t\t\t\t<img class=\"\" \t\t\t\t\tsrc=\"http:\/\/architecture-interiors.eu\/wp-content\/uploads\/2021\/02\/s11.jpg\" alt=\"\">\n\n\t\t\t<\/div>\n\n\t\t\t    <div class=\"bafg-slider-info-wraper\">\n        <div style=\"\" class=\"slider-info-808 bafg-slider-info\">\n                    <\/div>\n    <\/div>\n    \n\t\t\t<style type=\"text\/css\">\n\t\t\t\t\t\t\t\t\t\t\t<\/style>\n\t\t\t\n\n\n\n<p class=\"has-text-align-center\">Nowa wersja salonu.<\/p>\n\n\n\n<hr class=\"wp-block-separator\"\/>\n\n\n\nngg_shortcode_0_placeholder\n","protected":false},"excerpt":{"rendered":"<p>Nowa wersja \u0142azienki. Biblioteka z ukrytym przej\u015bciem. Biblioteka z ukrytym przej\u015bciem. Nowa wersja salonu.<\/p>\n","protected":false},"author":1,"featured_media":771,"parent":345,"menu_order":0,"comment_status":"closed","ping_status":"closed","template":"","meta":{"ngg_post_thumbnail":0,"footnotes":""},"class_list":["post-774","page","type-page","status-publish","has-post-thumbnail","hentry"],"_links":{"self":[{"href":"http:\/\/architecture-interiors.eu\/pl\/wp-json\/wp\/v2\/pages\/774","targetHints":{"allow":["GET"]}}],"collection":[{"href":"http:\/\/architecture-interiors.eu\/pl\/wp-json\/wp\/v2\/pages"}],"about":[{"href":"http:\/\/architecture-interiors.eu\/pl\/wp-json\/wp\/v2\/types\/page"}],"author":[{"embeddable":true,"href":"http:\/\/architecture-interiors.eu\/pl\/wp-json\/wp\/v2\/users\/1"}],"replies":[{"embeddable":true,"href":"http:\/\/architecture-interiors.eu\/pl\/wp-json\/wp\/v2\/comments?post=774"}],"version-history":[{"count":53,"href":"http:\/\/architecture-interiors.eu\/pl\/wp-json\/wp\/v2\/pages\/774\/revisions"}],"predecessor-version":[{"id":1153,"href":"http:\/\/architecture-interiors.eu\/pl\/wp-json\/wp\/v2\/pages\/774\/revisions\/1153"}],"up":[{"embeddable":true,"href":"http:\/\/architecture-interiors.eu\/pl\/wp-json\/wp\/v2\/pages\/345"}],"wp:featuredmedia":[{"embeddable":true,"href":"http:\/\/architecture-interiors.eu\/pl\/wp-json\/wp\/v2\/media\/771"}],"wp:attachment":[{"href":"http:\/\/architecture-interiors.eu\/pl\/wp-json\/wp\/v2\/media?parent=774"}],"curies":[{"name":"wp","href":"https:\/\/api.w.org\/{rel}","templated":true}]}}