{"id":545,"date":"2021-01-25T21:34:37","date_gmt":"2021-01-25T20:34:37","guid":{"rendered":"http:\/\/architecture-interiors.eu\/?page_id=545"},"modified":"2022-05-26T22:57:40","modified_gmt":"2022-05-26T20:57:40","slug":"prasa-o-nas","status":"publish","type":"page","link":"http:\/\/architecture-interiors.eu\/pl\/prasa-o-nas\/","title":{"rendered":"Prasa o nas"},"content":{"rendered":"\n<h2 class=\"wp-block-heading\">Prasa o nas<\/h2>\n\n\n\nngg_shortcode_0_placeholder\n\n\n<div class=\"wp-block-image\">\n<figure class=\"aligncenter size-large\"><a href=\"https:\/\/luxuryboutiquemagazine.pl\/2021\/11\/24\/fresk-tajniki-najstarszej-sztuki-malarskiej\/\" target=\"_blank\" rel=\"noreferrer noopener\"><img loading=\"lazy\" decoding=\"async\" width=\"1024\" height=\"673\" src=\"http:\/\/architecture-interiors.eu\/wp-content\/uploads\/2022\/05\/LB_PL-2-1024x673.jpg\" alt=\"\" class=\"wp-image-1180\" srcset=\"https:\/\/architecture-interiors.eu\/wp-content\/uploads\/2022\/05\/LB_PL-2-1024x673.jpg 1024w, https:\/\/architecture-interiors.eu\/wp-content\/uploads\/2022\/05\/LB_PL-2-300x197.jpg 300w, https:\/\/architecture-interiors.eu\/wp-content\/uploads\/2022\/05\/LB_PL-2-768x505.jpg 768w, https:\/\/architecture-interiors.eu\/wp-content\/uploads\/2022\/05\/LB_PL-2-16x12.jpg 16w, https:\/\/architecture-interiors.eu\/wp-content\/uploads\/2022\/05\/LB_PL-2.jpg 1333w\" sizes=\"auto, (max-width: 1024px) 100vw, 1024px\" \/><\/a><figcaption>Aryku\u0142 po\u015bwi\u0119cony technice fresk\u00f3w na portalu <a rel=\"noreferrer noopener\" href=\"https:\/\/luxuryboutiquemagazine.pl\" target=\"_blank\">luxuryboutiquemagazine.pl<\/a><\/figcaption><\/figure>\n<\/div>\n\n\n<p><\/p>\n","protected":false},"excerpt":{"rendered":"<p>Prasa o nas<\/p>\n","protected":false},"author":1,"featured_media":528,"parent":0,"menu_order":0,"comment_status":"closed","ping_status":"closed","template":"","meta":{"ngg_post_thumbnail":0,"footnotes":""},"class_list":["post-545","page","type-page","status-publish","has-post-thumbnail","hentry"],"_links":{"self":[{"href":"http:\/\/architecture-interiors.eu\/pl\/wp-json\/wp\/v2\/pages\/545","targetHints":{"allow":["GET"]}}],"collection":[{"href":"http:\/\/architecture-interiors.eu\/pl\/wp-json\/wp\/v2\/pages"}],"about":[{"href":"http:\/\/architecture-interiors.eu\/pl\/wp-json\/wp\/v2\/types\/page"}],"author":[{"embeddable":true,"href":"http:\/\/architecture-interiors.eu\/pl\/wp-json\/wp\/v2\/users\/1"}],"replies":[{"embeddable":true,"href":"http:\/\/architecture-interiors.eu\/pl\/wp-json\/wp\/v2\/comments?post=545"}],"version-history":[{"count":20,"href":"http:\/\/architecture-interiors.eu\/pl\/wp-json\/wp\/v2\/pages\/545\/revisions"}],"predecessor-version":[{"id":1192,"href":"http:\/\/architecture-interiors.eu\/pl\/wp-json\/wp\/v2\/pages\/545\/revisions\/1192"}],"wp:featuredmedia":[{"embeddable":true,"href":"http:\/\/architecture-interiors.eu\/pl\/wp-json\/wp\/v2\/media\/528"}],"wp:attachment":[{"href":"http:\/\/architecture-interiors.eu\/pl\/wp-json\/wp\/v2\/media?parent=545"}],"curies":[{"name":"wp","href":"https:\/\/api.w.org\/{rel}","templated":true}]}}