{"id":22,"date":"2021-01-23T23:14:30","date_gmt":"2021-01-23T22:14:30","guid":{"rendered":"http:\/\/architecture-interiors.eu\/?page_id=22"},"modified":"2022-05-26T23:42:33","modified_gmt":"2022-05-26T21:42:33","slug":"o-pracowni","status":"publish","type":"page","link":"http:\/\/architecture-interiors.eu\/pl\/o-pracowni\/","title":{"rendered":"O pracowni"},"content":{"rendered":"\n<p>\u201cSTUDIO, ARCHITEKTURA I WN\u0118TRZA\u201d, powsta\u0142o w 1985r., jest siostrzan\u0105 pracowni\u0105 studia za\u0142o\u017conego w Wielkiej Brytanii w 1973 r.<\/p>\n\n\n\n<p>Od 1976 r. studio wsp\u00f3\u0142pracuje z rz\u0105dow\u0105 instytucj\u0105 English Heritage, kt\u00f3rej podlegaj\u0105 historyczne obiekty nale\u017c\u0105ce do Korony i zabytki architektury klasy \u201e1\u201d na terenie Wielkiej Brytanii. W\u015br\u00f3d obiekt\u00f3w powierzonych pracowni do konserwacji przez EH w Wielkiej Brytanii znajdowa\u0142y si\u0119 m.in. Pa\u0142ac Henryka VIII w Hampton Court, Banqueting Hall &#8211; Whitehall Palace w Londynie, Strawberry Hill &#8211; s\u0142awny pa\u0142acyk Sir Horace Wallpole w Twickenham i wiele prywatnych rezydencji jak Loseley Park czy Renishaw Hall.<\/p>\n\n\n\n<p>W 1985 roku The Studio zosta\u0142o wyr\u00f3\u017cnione za realizacj\u0119 rekonstrukcji malarstwa i klatki schodowej w Northaw Place, Hertfordshire, Anglia.<\/p>\n\n\n\n<p>Konserwacja malarstwa oraz zrealizowany projekt odbudowy skrzyd\u0142a pa\u0142acu w Bower House &#8211; siedzibie kolekcji Ford Motor Company zaowocowa\u0142o powo\u0142aniem dyrektora Studia na kuratora zgromadzonej tam kolekcji malarstwa nale\u017c\u0105cego do FMC.<\/p>\n\n\n\n<p>Po zmianach ustrojowych pracownia otworzy\u0142a oddzia\u0142 w Polsce, podejmuj\u0105c szereg projekt\u00f3w architektury i architektury wn\u0119trz. Najpowa\u017cniejszym wyzwaniem okaza\u0142 si\u0119 projekt wystroju Dawnej Izby Poselskiej Zamku Kr\u00f3lewskiego w Warszawie, cz\u0119\u015bciowo sfinansowanego z brytyjskiego funduszu rz\u0105dowego \u201eKnow &#8211; How\u201d. Jacek Czeczot \u2013 Gawrak przygotowa\u0142 projekt, za\u015b Anna Koz\u0142owska <img loading=\"lazy\" decoding=\"async\" width=\"20\" height=\"25\" class=\"wp-image-1197\" style=\"width: 20px;\" src=\"http:\/\/architecture-interiors.eu\/wp-content\/uploads\/2022\/05\/cross.jpg\" alt=\"\" srcset=\"https:\/\/architecture-interiors.eu\/wp-content\/uploads\/2022\/05\/cross.jpg 70w, https:\/\/architecture-interiors.eu\/wp-content\/uploads\/2022\/05\/cross-9x12.jpg 9w\" sizes=\"auto, (max-width: 20px) 100vw, 20px\" \/>(zm.2.03.2022), starszy partner pracowni jest autorem tego najwi\u0119kszego w Europie fresku XX wieku. Od tego czasu pracownia wykona\u0142a w kraju szereg zam\u00f3wie\u0144 architektonicznych oraz projekt\u00f3w wystroju wn\u0119trz. Jednym z bardziej kompleksowych zam\u00f3wie\u0144 by\u0142a wieloletnia rekonstrukcja wn\u0119trz prywatnej historycznej rezydencji na wschodzie Polski wraz z unikalnym zespo\u0142em malarstwa w technice al fresco buono.<\/p>\n\n\n\n<p>Wiosn\u0105 2004 oddany zosta\u0142 projekt kordegardy w charakterze wyburzonego w 1962r. pa\u0142acyku. Ma ona przes\u0142oni\u0107 fasad\u0119 obecnej Ambasady Stan\u00f3w Zjednoczonych w Alejach Ujazdowskich w Warszawie. Projekt zosta\u0142 przygotowany na zam\u00f3wienie Jego Ekscelencji ambasadora USA w Polsce Christophera Hilla.<\/p>\n\n\n\n<p>W\u015br\u00f3d projekt\u00f3w znajduje si\u0119 dekoracja Ambasady Kr\u00f3lestwa Holandii, gabinet mecenasa Tomasza Wardy\u0144skiego w siedzibie sp\u00f3\u0142ki Wardy\u0144ski i Wsp\u00f3lnicy, projekt wystroju Rady Polskiego Biznesu w Pa\u0142acyku Soba\u0144skich w Warszawie, pergola w ogrodzie pa\u0142acyku Soba\u0144skich, rekonstrukcja pa\u0142acu ko\u0142o Lublina, oraz szereg projekt\u00f3w prywatnych nowych rezydencji. W 2010 roku pracownia odda\u0142a projekt kolorystyki fasady po\u0142udniowo-wschodniej Zamku Kr\u00f3lewskiego w Warszawie. Koncepcja zosta\u0142a oceniona jako wzorowa przez profesora Tomaszewskiego, przewodnicz\u0105cego Komisji Architektury przy Prezydencie Miasta.<\/p>\n\n\n\n<p>W grudniu 2012 pracownia uko\u0144czy\u0142a szkic projektu wystroju Sali Chor\u0105gwianej w Pa\u0142acu Prezydenta RP. W 2012 roku zosta\u0142 zaakceptowany i zrealizowany projekt dekoracji malarskiej sieni i klatki schodowej Pa\u0142acu pod Blach\u0105. W 2013, po rocznych analizach i szkicach zesp\u00f3\u0142 odda\u0142 do realizacji koncepcj\u0119 historycznej kolorystyki po\u0142udniowo-wschodniej fasady Zamku Kr\u00f3lewskiego w Warszawie.<\/p>\n\n\n\n<p class=\"has-text-align-center\">***<\/p>\n\n\n\n<p>Oddzia\u0142 angielski firmy jest prowadzony przez historyka sztuki i wybitnego eksperta dekoracji wn\u0119trz Lady Sitwell ALCM.<\/p>\n\n\n\n<p>Mgr Jacek Czeczot-Gawrak, dyrektor polskiego oddzia\u0142u firmy, otrzyma\u0142 dyplom historii sztuki na Uniwersytecie Warszawskim. Podyplomowe studia technologii malarstwa uko\u0144czy\u0142 w Courtauld Institute of Art, Uniwersytet Londy\u0144ski. Cz\u0142onek Mi\u0119dzynarodowego Instytutu Konserwacji, Brytyjskiego Towarzystwa Architekt\u00f3w Wn\u0119trz i wielu innych organizacji.<\/p>\n\n\n\n<p>Starszym Partnerem polskiego oddzia\u0142u pracowni jest mgr Anna Koz\u0142owska, kt\u00f3ra otrzyma\u0142a dyplom z wyr\u00f3\u017cnieniem w Akademii Sztuk Pi\u0119knych w Warszawie z grafiki, plakatu,<br>malarstwa i rysunku. Od 1981 do 1989 r w Wielkiej Brytanii specjalizacja w konserwacji malarstwa. Pracowa\u0142a jaki konserwator m.in. w pa\u0142acach: Hampton Court, Strawberry Hill &#8211; Kingston upon Thames, Bower House &#8211; Romford i innych. W latach 1989-91 wykona\u0142a rekonstrukcj\u0119 600 m kw. fresku &#8211; al fresco buono-w Dawnej Izbie Poselskiej, (sali pierwszego polskiego parlamentu) w Zamku Kr\u00f3lewskim w Warszawie. W 2012 r wykona\u0142a w technice fresco secco dekoracj\u0119 trompe l&#8217;oeil westybulu Pa\u0142acu pod Blach\u0105 w Warszawie.<\/p>\n","protected":false},"excerpt":{"rendered":"<p>\u201cSTUDIO, ARCHITEKTURA I WN\u0118TRZA\u201d, powsta\u0142o w 1985r., jest siostrzan\u0105 pracowni\u0105 studia za\u0142o\u017conego w Wielkiej Brytanii w 1973 r. Od 1976 r. studio wsp\u00f3\u0142pracuje z rz\u0105dow\u0105 instytucj\u0105 English Heritage, kt\u00f3rej podlegaj\u0105 historyczne obiekty nale\u017c\u0105ce do Korony&hellip;<\/p>\n","protected":false},"author":1,"featured_media":771,"parent":0,"menu_order":0,"comment_status":"closed","ping_status":"closed","template":"","meta":{"ngg_post_thumbnail":0,"footnotes":""},"class_list":["post-22","page","type-page","status-publish","has-post-thumbnail","hentry"],"_links":{"self":[{"href":"http:\/\/architecture-interiors.eu\/pl\/wp-json\/wp\/v2\/pages\/22","targetHints":{"allow":["GET"]}}],"collection":[{"href":"http:\/\/architecture-interiors.eu\/pl\/wp-json\/wp\/v2\/pages"}],"about":[{"href":"http:\/\/architecture-interiors.eu\/pl\/wp-json\/wp\/v2\/types\/page"}],"author":[{"embeddable":true,"href":"http:\/\/architecture-interiors.eu\/pl\/wp-json\/wp\/v2\/users\/1"}],"replies":[{"embeddable":true,"href":"http:\/\/architecture-interiors.eu\/pl\/wp-json\/wp\/v2\/comments?post=22"}],"version-history":[{"count":59,"href":"http:\/\/architecture-interiors.eu\/pl\/wp-json\/wp\/v2\/pages\/22\/revisions"}],"predecessor-version":[{"id":1218,"href":"http:\/\/architecture-interiors.eu\/pl\/wp-json\/wp\/v2\/pages\/22\/revisions\/1218"}],"wp:featuredmedia":[{"embeddable":true,"href":"http:\/\/architecture-interiors.eu\/pl\/wp-json\/wp\/v2\/media\/771"}],"wp:attachment":[{"href":"http:\/\/architecture-interiors.eu\/pl\/wp-json\/wp\/v2\/media?parent=22"}],"curies":[{"name":"wp","href":"https:\/\/api.w.org\/{rel}","templated":true}]}}